{"id":3140,"date":"2023-12-06T20:37:16","date_gmt":"2023-12-06T19:37:16","guid":{"rendered":"https:\/\/associationtitrit.com\/?page_id=3140"},"modified":"2023-12-06T20:40:54","modified_gmt":"2023-12-06T19:40:54","slug":"%d9%85%d8%b4%d8%b1%d9%88%d8%b9-awdf-2023","status":"publish","type":"page","link":"https:\/\/associationtitrit.com\/?page_id=3140&lang=ar","title":{"rendered":"\u0627\u0633\u062a\u0645\u0627\u0631\u0629 \u0645\u0634\u0631\u0648\u0639 AWDF 2023"},"content":{"rendered":"<div class=\"wpb-content-wrapper\"><p>[vc_row][vc_column][vc_single_image image=\u00a0\u00bb3138&Prime; alignment=\u00a0\u00bbcenter\u00a0\u00bb][\/vc_column][\/vc_row][vc_row][vc_column]<div class=\"wpforms-container wpforms-container-full wpforms-render-modern\" id=\"wpforms-3126\"><form id=\"wpforms-form-3126\" class=\"wpforms-validate wpforms-form\" data-formid=\"3126\" method=\"post\" enctype=\"multipart\/form-data\" action=\"\/index.php?rest_route=%2Fwp%2Fv2%2Fpages%2F3140&#038;wpforms_form_id=3126\" data-token=\"7edceb809fcf35c085f46448b394ec60\"><noscript class=\"wpforms-error-noscript\">Veuillez activer JavaScript dans votre navigateur pour remplir ce formulaire.<\/noscript><div class=\"wpforms-hidden\" id=\"wpforms-error-noscript\">Veuillez activer JavaScript dans votre navigateur pour remplir ce formulaire.<\/div><div class=\"wpforms-field-container\"><div id=\"wpforms-3126-field_17-container\" class=\"wpforms-field wpforms-field-content\" data-field-id=\"17\"><div id=\"wpforms-3126-field_17\" class=\"wpforms-field-large wpforms-field-row\" name=\"wpforms[fields][17]\" aria-errormessage=\"wpforms-3126-field_17-error\"><div class=\"site-main clearfix\" id=\"main-content\">\n<div id=\"content-wrap\">\n<div class=\"site-content clearfix\" id=\"site-content\">\n<div class=\"inner-content-wrap\" id=\"inner-content\">\n<div class=\"vc-custom-col-spacing clearfix vc-col-spacing-30\">\n<div class=\"fundrize-container\">\n<div class=\"row-inner clearfix\">\n<div class=\"wpb_column vc_column_container vc_col-sm-12\">\n<div class=\"vc_column-inner\">\n<div class=\"wpb_wrapper\">\n<h1 style=\"text-align: center\" class=\"vc_custom_heading\">\u0627\u0633\u062a\u0645\u0627\u0631\u0629 \u0627\u0644\u0645\u0634\u0627\u0631\u0643\u0629 \u0628\u0627\u0644\u062f\u0648\u0631\u0627\u062a \u0627\u0644\u062a\u062f\u0631\u064a\u0628\u064a\u0629 \u0644\u0645\u0634\u0631\u0648\u0639<br \/>\nParticipation form for project training courses<\/h1>\n<p>&nbsp;<\/p>\n<h3 style=\"text-align: center\" class=\"vc_custom_heading\"><span style=\"color: #ff0000\">\"\u062a\u0642\u0648\u064a\u0629 \u0645\u0645\u0627\u0631\u0633\u0627\u062a \u062d\u0642\u0648\u0642 \u0627\u0644\u0639\u0627\u0645\u0644\u0627\u062a \u0627\u0644\u0641\u0644\u0627\u062d\u064a\u0627\u062a \u0648\u062d\u0645\u0627\u064a\u062a\u0647\u0646 \u0645\u0646 \u0627\u0644\u0639\u0646\u0641\"<\/span><br \/>\n<span style=\"color: #ff0000\">\"Strengthening the rights of female peasant workers and protecting them from violence\"<\/span><\/h3>\n<p>&nbsp;<\/p>\n<h4 style=\"text-align: right\">\u0627\u0633\u062a\u0645\u0627\u0631\u0629 \u0627\u0644\u0645\u0634\u0627\u0631\u0643\u0629 \u0641\u064a \u0627\u0644\u062f\u0648\u0631\u0627\u062a \u0627\u0644\u062a\u062f\u0631\u064a\u0628\u064a\u0629 \u062d\u0648\u0644 \u062a\u0642\u0648\u064a\u0629 \u0642\u062f\u0631\u0627\u062a \u0627\u0644\u0634\u0628\u0627\u0628 \u0648\u0627\u0644\u0634\u0627\u0628\u0627\u062a \u0641\u064a \u0645\u062c\u0627\u0644 \u0627\u0644\u062a\u062f\u0628\u064a\u0631 \u0627\u0644\u0625\u062f\u0627\u0631\u064a \u0648\u0627\u0644\u0645\u0627\u0644\u064a \u0648\u0627\u0644\u062a\u0648\u0627\u0635\u0644 \u0627\u0644\u0625\u062f\u0627\u0631\u064a \u0648\u0627\u0644\u0645\u0624\u0633\u0633\u0627\u062a\u064a \u0641\u064a \u0625\u0637\u0627\u0631 \u0645\u0634\u0631\u0648\u0639&nbsp;&nbsp;\u00bb \u062a\u0642\u0648\u064a\u0629 \u0645\u0645\u0627\u0631\u0633\u0627\u062a \u062d\u0642\u0648\u0642 \u0627\u0644\u0639\u0627\u0645\u0644\u0627\u062a \u0627\u0644\u0641\u0644\u0627\u062d\u064a\u0627\u062a \u0648\u062d\u0645\u0627\u064a\u062a\u0647\u0646 \u0645\u0646 \u0627\u0644\u0639\u0646\u0641 &nbsp;\u00bb \u0627\u0644\u0630\u064a \u062a\u0646\u0641\u0630\u0647 \u062c\u0645\u0639\u064a\u0629 \u062a\u062a\u0631\u064a\u062a \u0627\u0644\u0645\u0631\u0643\u0632\u064a\u0629 \u0623\u0643\u0627\u062f\u064a\u0631 \u0628\u0634\u0631\u0627\u0643\u0629 \u0648\u062f\u0639\u0645 \u0645\u0646 \u0635\u0646\u062f\u0648\u0642 \u062a\u0646\u0645\u064a\u0629 \u0627\u0644\u0645\u0631\u0623\u0629 \u0627\u0644\u0623\u0641\u0631\u064a\u0642\u064a\u0629 \u0648\u0627\u0644\u0633\u0627\u0639\u064a \u0627\u0644\u0649: \u062a\u0639\u0632\u064a\u0632 \u0648\u062a\u0639\u0632\u064a\u0632 \u062d\u0642\u0648\u0642 \u0627\u0644\u0645\u0631\u0623\u0629 \u0627\u0644\u0639\u0627\u0645\u0644\u0629 \u0641\u064a \u0645\u062c\u0627\u0644 \u0627\u0644\u0632\u0631\u0627\u0639\u0629\u060c \u0628\u0645\u0627 \u0641\u064a \u0630\u0644\u0643 \u0627\u0644\u062d\u0642 \u0641\u064a \u0627\u0644\u0648\u0642\u0627\u064a\u0629 \u0645\u0646 \u0627\u0644\u0639\u0646\u0641<\/h4>\n<\/div>\n<\/div>\n<\/div>\n<\/div>\n<\/div>\n<\/div>\n<\/div>\n<\/div>\n<\/div>\n<\/div>\n<div class=\"wpforms-field-content-display-frontend-clear\"><\/div><\/div><\/div><div id=\"wpforms-3126-field_2-container\" class=\"wpforms-field wpforms-field-name\" data-field-id=\"2\"><fieldset><legend class=\"wpforms-field-label\">\u0627\u0644\u0627\u0633\u0645 <span class=\"wpforms-required-label\" aria-hidden=\"true\">*<\/span><\/legend><div class=\"wpforms-field-row wpforms-field-medium\"><div class=\"wpforms-field-row-block wpforms-first wpforms-one-half\"><input type=\"text\" id=\"wpforms-3126-field_2\" class=\"wpforms-field-name-first wpforms-field-required\" name=\"wpforms[fields][2][first]\" placeholder=\"\u0627\u0644\u0625\u0633\u0645 \u0627\u0644\u0634\u062e\u0635\u064a\" aria-errormessage=\"wpforms-3126-field_2-error\" required><label for=\"wpforms-3126-field_2\" class=\"wpforms-field-sublabel after wpforms-sublabel-hide\">Pr\u00e9nom<\/label><\/div><div class=\"wpforms-field-row-block wpforms-one-half\"><input type=\"text\" id=\"wpforms-3126-field_2-last\" class=\"wpforms-field-name-last wpforms-field-required\" name=\"wpforms[fields][2][last]\" placeholder=\"\u0627\u0644\u0625\u0633\u0645 \u0627\u0644\u0639\u0627\u0626\u0644\u064a\" aria-errormessage=\"wpforms-3126-field_2-last-error\" required><label for=\"wpforms-3126-field_2-last\" class=\"wpforms-field-sublabel after wpforms-sublabel-hide\">Nom<\/label><\/div><\/div><\/fieldset><\/div><div id=\"wpforms-3126-field_11-container\" class=\"wpforms-field wpforms-field-name\" data-field-id=\"11\"><fieldset><legend class=\"wpforms-field-label\">Name <span class=\"wpforms-required-label\" aria-hidden=\"true\">*<\/span><\/legend><div class=\"wpforms-field-row wpforms-field-medium\"><div class=\"wpforms-field-row-block wpforms-first wpforms-one-half\"><input type=\"text\" id=\"wpforms-3126-field_11\" class=\"wpforms-field-name-first wpforms-field-required\" name=\"wpforms[fields][11][first]\" placeholder=\"First name\" aria-errormessage=\"wpforms-3126-field_11-error\" required><label for=\"wpforms-3126-field_11\" class=\"wpforms-field-sublabel after wpforms-sublabel-hide\">Pr\u00e9nom<\/label><\/div><div class=\"wpforms-field-row-block wpforms-one-half\"><input type=\"text\" id=\"wpforms-3126-field_11-last\" class=\"wpforms-field-name-last wpforms-field-required\" name=\"wpforms[fields][11][last]\" placeholder=\"Last name\" aria-errormessage=\"wpforms-3126-field_11-last-error\" required><label for=\"wpforms-3126-field_11-last\" class=\"wpforms-field-sublabel after wpforms-sublabel-hide\">Nom<\/label><\/div><\/div><\/fieldset><\/div><div id=\"wpforms-3126-field_3-container\" class=\"wpforms-field wpforms-field-phone\" data-field-id=\"3\"><label class=\"wpforms-field-label\" for=\"wpforms-3126-field_3\">Phone Number \u0631\u0642\u0645 \u0627\u0644\u0647\u0627\u062a\u0641 <span class=\"wpforms-required-label\" aria-hidden=\"true\">*<\/span><\/label><input type=\"tel\" id=\"wpforms-3126-field_3\" class=\"wpforms-field-medium wpforms-field-required wpforms-smart-phone-field\" data-rule-smart-phone-field=\"true\" name=\"wpforms[fields][3]\" aria-errormessage=\"wpforms-3126-field_3-error\" required><\/div><div id=\"wpforms-3126-field_4-container\" class=\"wpforms-field wpforms-field-email\" data-field-id=\"4\"><label class=\"wpforms-field-label\" for=\"wpforms-3126-field_4\">E-mail \u0627\u0644\u0628\u0631\u064a\u062f \u0627\u0644\u0625\u0644\u0643\u062a\u0631\u0648\u0646\u064a <span class=\"wpforms-required-label\" aria-hidden=\"true\">*<\/span><\/label><input type=\"email\" id=\"wpforms-3126-field_4\" class=\"wpforms-field-medium wpforms-field-required\" name=\"wpforms[fields][4]\" spellcheck=\"false\" aria-errormessage=\"wpforms-3126-field_4-error\" required><\/div><div id=\"wpforms-3126-field_12-container\" class=\"wpforms-field wpforms-field-select wpforms-field-select-style-classic\" data-field-id=\"12\"><label class=\"wpforms-field-label\" for=\"wpforms-3126-field_12\">Sex \u0627\u0644\u062c\u0646\u0633 <span class=\"wpforms-required-label\" aria-hidden=\"true\">*<\/span><\/label><select id=\"wpforms-3126-field_12\" class=\"wpforms-field-medium wpforms-field-required\" name=\"wpforms[fields][12]\" required=\"required\"><option value=\"Male \u0630\u0643\u0631\" >Male \u0630\u0643\u0631<\/option><option value=\"Female \u0623\u0646\u062b\u0649\" >Female \u0623\u0646\u062b\u0649<\/option><\/select><\/div><div id=\"wpforms-3126-field_7-container\" class=\"wpforms-field wpforms-field-date-time\" data-field-id=\"7\"><fieldset><legend class=\"wpforms-field-label\">Date of birth \u062a\u0627\u0631\u064a\u062e \u0627\u0644\u0625\u0632\u062f\u064a\u0627\u062f <span class=\"wpforms-required-label\" aria-hidden=\"true\">*<\/span><\/legend><div class=\"wpforms-field-date-dropdown-wrap wpforms-field-medium\"><select name=\"wpforms[fields][7][date][m]\" id=\"wpforms-3126-field_7-month\" class=\"wpforms-field-date-time-date-month wpforms-field-required\" aria-label=\"Mois\"  required><option value=\"\" class=\"placeholder\" selected disabled>MM<\/option><option value=\"1\" >1<\/option><option value=\"2\" >2<\/option><option value=\"3\" >3<\/option><option value=\"4\" >4<\/option><option value=\"5\" >5<\/option><option value=\"6\" >6<\/option><option value=\"7\" >7<\/option><option value=\"8\" >8<\/option><option value=\"9\" >9<\/option><option value=\"10\" >10<\/option><option value=\"11\" >11<\/option><option value=\"12\" >12<\/option><\/select><select name=\"wpforms[fields][7][date][d]\" id=\"wpforms-3126-field_7-day\" class=\"wpforms-field-date-time-date-day wpforms-field-required\" aria-label=\"Jour\"  required><option value=\"\" class=\"placeholder\" selected disabled>JJ<\/option><option value=\"1\" >1<\/option><option value=\"2\" >2<\/option><option value=\"3\" >3<\/option><option value=\"4\" >4<\/option><option value=\"5\" >5<\/option><option value=\"6\" >6<\/option><option value=\"7\" >7<\/option><option value=\"8\" >8<\/option><option value=\"9\" >9<\/option><option value=\"10\" >10<\/option><option value=\"11\" >11<\/option><option value=\"12\" >12<\/option><option value=\"13\" >13<\/option><option value=\"14\" >14<\/option><option value=\"15\" >15<\/option><option value=\"16\" >16<\/option><option value=\"17\" >17<\/option><option value=\"18\" >18<\/option><option value=\"19\" >19<\/option><option value=\"20\" >20<\/option><option value=\"21\" >21<\/option><option value=\"22\" >22<\/option><option value=\"23\" >23<\/option><option value=\"24\" >24<\/option><option value=\"25\" >25<\/option><option value=\"26\" >26<\/option><option value=\"27\" >27<\/option><option value=\"28\" >28<\/option><option value=\"29\" >29<\/option><option value=\"30\" >30<\/option><option value=\"31\" >31<\/option><\/select><select name=\"wpforms[fields][7][date][y]\" id=\"wpforms-3126-field_7-year\" class=\"wpforms-field-date-time-date-year wpforms-field-required\" aria-label=\"Ann\u00e9e\"  required><option value=\"\" class=\"placeholder\" selected disabled>AAAA<\/option><option value=\"2026\" >2026<\/option><option value=\"2025\" >2025<\/option><option value=\"2024\" >2024<\/option><option value=\"2023\" >2023<\/option><option value=\"2022\" >2022<\/option><option value=\"2021\" >2021<\/option><option value=\"2020\" >2020<\/option><option value=\"2019\" >2019<\/option><option value=\"2018\" >2018<\/option><option value=\"2017\" >2017<\/option><option value=\"2016\" >2016<\/option><option value=\"2015\" >2015<\/option><option value=\"2014\" >2014<\/option><option value=\"2013\" >2013<\/option><option value=\"2012\" >2012<\/option><option value=\"2011\" >2011<\/option><option value=\"2010\" >2010<\/option><option value=\"2009\" >2009<\/option><option value=\"2008\" >2008<\/option><option value=\"2007\" >2007<\/option><option value=\"2006\" >2006<\/option><option value=\"2005\" >2005<\/option><option value=\"2004\" >2004<\/option><option value=\"2003\" >2003<\/option><option value=\"2002\" >2002<\/option><option value=\"2001\" >2001<\/option><option value=\"2000\" >2000<\/option><option value=\"1999\" >1999<\/option><option value=\"1998\" >1998<\/option><option value=\"1997\" >1997<\/option><option value=\"1996\" >1996<\/option><option value=\"1995\" >1995<\/option><option value=\"1994\" >1994<\/option><option value=\"1993\" >1993<\/option><option value=\"1992\" >1992<\/option><option value=\"1991\" >1991<\/option><option value=\"1990\" >1990<\/option><option value=\"1989\" >1989<\/option><option value=\"1988\" >1988<\/option><option value=\"1987\" >1987<\/option><option value=\"1986\" >1986<\/option><option value=\"1985\" >1985<\/option><option value=\"1984\" >1984<\/option><option value=\"1983\" >1983<\/option><option value=\"1982\" >1982<\/option><option value=\"1981\" >1981<\/option><option value=\"1980\" >1980<\/option><option value=\"1979\" >1979<\/option><option value=\"1978\" >1978<\/option><option value=\"1977\" >1977<\/option><option value=\"1976\" >1976<\/option><option value=\"1975\" >1975<\/option><option value=\"1974\" >1974<\/option><option value=\"1973\" >1973<\/option><option value=\"1972\" >1972<\/option><option value=\"1971\" >1971<\/option><option value=\"1970\" >1970<\/option><option value=\"1969\" >1969<\/option><option value=\"1968\" >1968<\/option><option value=\"1967\" >1967<\/option><option value=\"1966\" >1966<\/option><option value=\"1965\" >1965<\/option><option value=\"1964\" >1964<\/option><option value=\"1963\" >1963<\/option><option value=\"1962\" >1962<\/option><option value=\"1961\" >1961<\/option><option value=\"1960\" >1960<\/option><option value=\"1959\" >1959<\/option><option value=\"1958\" >1958<\/option><option value=\"1957\" >1957<\/option><option value=\"1956\" >1956<\/option><option value=\"1955\" >1955<\/option><option value=\"1954\" >1954<\/option><option value=\"1953\" >1953<\/option><option value=\"1952\" >1952<\/option><option value=\"1951\" >1951<\/option><option value=\"1950\" >1950<\/option><option value=\"1949\" >1949<\/option><option value=\"1948\" >1948<\/option><option value=\"1947\" >1947<\/option><option value=\"1946\" >1946<\/option><option value=\"1945\" >1945<\/option><option value=\"1944\" >1944<\/option><option value=\"1943\" >1943<\/option><option value=\"1942\" >1942<\/option><option value=\"1941\" >1941<\/option><option value=\"1940\" >1940<\/option><option value=\"1939\" >1939<\/option><option value=\"1938\" >1938<\/option><option value=\"1937\" >1937<\/option><option value=\"1936\" >1936<\/option><option value=\"1935\" >1935<\/option><option value=\"1934\" >1934<\/option><option value=\"1933\" >1933<\/option><option value=\"1932\" >1932<\/option><option value=\"1931\" >1931<\/option><option value=\"1930\" >1930<\/option><option value=\"1929\" >1929<\/option><option value=\"1928\" >1928<\/option><option value=\"1927\" >1927<\/option><option value=\"1926\" >1926<\/option><option value=\"1925\" >1925<\/option><option value=\"1924\" >1924<\/option><option value=\"1923\" >1923<\/option><option value=\"1922\" >1922<\/option><option value=\"1921\" >1921<\/option><option value=\"1920\" >1920<\/option><\/select><\/div><\/fieldset><\/div><div id=\"wpforms-3126-field_13-container\" class=\"wpforms-field wpforms-field-select wpforms-field-select-style-classic\" data-field-id=\"13\"><label class=\"wpforms-field-label\" for=\"wpforms-3126-field_13\">Level of study \u0627\u0644\u0645\u0633\u062a\u0648\u0649 \u0627\u0644\u062f\u0631\u0627\u0633\u064a <span class=\"wpforms-required-label\" aria-hidden=\"true\">*<\/span><\/label><select id=\"wpforms-3126-field_13\" class=\"wpforms-field-medium wpforms-field-required\" name=\"wpforms[fields][13]\" required=\"required\"><option value=\"Elementary education \u062a\u0639\u0644\u064a\u0645 \u0627\u0628\u062a\u062f\u0627\u0626\u064a\" >Elementary education \u062a\u0639\u0644\u064a\u0645 \u0627\u0628\u062a\u062f\u0627\u0626\u064a<\/option><option value=\"Junior secondary education \u062a\u0639\u0644\u064a\u0645 \u062b\u0627\u0646\u0648\u064a \u0625\u0639\u062f\u0627\u062f\u064a\" >Junior secondary education \u062a\u0639\u0644\u064a\u0645 \u062b\u0627\u0646\u0648\u064a \u0625\u0639\u062f\u0627\u062f\u064a<\/option><option value=\"Senior secondary education \u062a\u0639\u0644\u064a\u0645 \u062b\u0627\u0646\u0648\u064a \u062a\u0623\u0647\u064a\u0644\u064a\"  selected='selected'>Senior secondary education \u062a\u0639\u0644\u064a\u0645 \u062b\u0627\u0646\u0648\u064a \u062a\u0623\u0647\u064a\u0644\u064a<\/option><option value=\"High education \u062a\u0639\u0644\u064a\u0645 \u0639\u0627\u0644\u064a\" >High education \u062a\u0639\u0644\u064a\u0645 \u0639\u0627\u0644\u064a<\/option><option value=\"Professional training \u0627\u0644\u062a\u0643\u0648\u064a\u0646 \u0627\u0644\u0645\u0647\u0646\u064a\" >Professional training \u0627\u0644\u062a\u0643\u0648\u064a\u0646 \u0627\u0644\u0645\u0647\u0646\u064a<\/option><\/select><\/div><div id=\"wpforms-3126-field_14-container\" class=\"wpforms-field wpforms-field-text\" data-field-id=\"14\"><label class=\"wpforms-field-label\" for=\"wpforms-3126-field_14\">Profession \u0627\u0644\u0645\u0647\u0646\u0629 <span class=\"wpforms-required-label\" aria-hidden=\"true\">*<\/span><\/label><input type=\"text\" id=\"wpforms-3126-field_14\" class=\"wpforms-field-medium wpforms-field-required\" name=\"wpforms[fields][14]\" aria-errormessage=\"wpforms-3126-field_14-error\" required><\/div><div id=\"wpforms-3126-field_15-container\" class=\"wpforms-field wpforms-field-address\" data-field-id=\"15\"><fieldset><legend class=\"wpforms-field-label\">Address \u0627\u0644\u0639\u0646\u0648\u0627\u0646 <span class=\"wpforms-required-label\" aria-hidden=\"true\">*<\/span><\/legend><div class=\"wpforms-field-row wpforms-field-medium\"><div ><input type=\"text\" id=\"wpforms-3126-field_15\" class=\"wpforms-field-address-address1 wpforms-field-required\" name=\"wpforms[fields][15][address1]\" placeholder=\"Address \u0627\u0644\u0639\u0646\u0648\u0627\u0646\" aria-errormessage=\"wpforms-3126-field_15-error\" required><label for=\"wpforms-3126-field_15\" class=\"wpforms-field-sublabel after wpforms-sublabel-hide\">Address Line 1<\/label><\/div><\/div><div class=\"wpforms-field-row wpforms-field-medium\"><div class=\"wpforms-field-row-block wpforms-one-half wpforms-first\"><input type=\"text\" id=\"wpforms-3126-field_15-city\" class=\"wpforms-field-address-city wpforms-field-required\" name=\"wpforms[fields][15][city]\" placeholder=\"City \u0627\u0644\u0645\u062f\u064a\u0646\u0629\" aria-errormessage=\"wpforms-3126-field_15-city-error\" required><label for=\"wpforms-3126-field_15-city\" class=\"wpforms-field-sublabel after wpforms-sublabel-hide\">City<\/label><\/div><div class=\"wpforms-field-row-block wpforms-one-half\"><input type=\"text\" id=\"wpforms-3126-field_15-state\" class=\"wpforms-field-address-state wpforms-field-required\" name=\"wpforms[fields][15][state]\" placeholder=\"State \/ Province \/ Region \u0627\u0644\u0639\u0645\u0627\u0644\u0629 \/ \u0627\u0644\u0648\u0644\u0627\u064a\u0629 \/ \u0627\u0644\u062c\u0647\u0629\" aria-errormessage=\"wpforms-3126-field_15-state-error\" required><label for=\"wpforms-3126-field_15-state\" class=\"wpforms-field-sublabel after wpforms-sublabel-hide\">State \/ Province \/ Region<\/label><\/div><\/div><\/fieldset><\/div><div id=\"wpforms-3126-field_16-container\" class=\"wpforms-field wpforms-field-textarea\" data-field-id=\"16\"><label class=\"wpforms-field-label\" for=\"wpforms-3126-field_16\">What are acquired skills? \u0646\u0628\u062f\u0629 \u0645\u062e\u062a\u0635\u0631\u0629 \u0639\u0646 \u0627\u0644\u0645\u0647\u0627\u0631\u0627\u062a \u0627\u0644\u0645\u0643\u062a\u0633\u0628\u0629<\/label><textarea id=\"wpforms-3126-field_16\" class=\"wpforms-field-medium\" name=\"wpforms[fields][16]\" aria-errormessage=\"wpforms-3126-field_16-error\" aria-describedby=\"wpforms-3126-field_16-description\" ><\/textarea><div id=\"wpforms-3126-field_16-description\" class=\"wpforms-field-description\">What are acquired skills? \u0646\u0628\u062f\u0629 \u0645\u062e\u062a\u0635\u0631\u0629 \u0639\u0646 \u0627\u0644\u0645\u0647\u0627\u0631\u0627\u062a \u0627\u0644\u0645\u0643\u062a\u0633\u0628\u0629<\/div><\/div><div id=\"wpforms-3126-field_18-container\" class=\"wpforms-field wpforms-field-file-upload\" data-field-id=\"18\"><label class=\"wpforms-field-label\" for=\"wpforms-3126-field_18\">Add a photo \u0627\u0636\u0627\u0641\u0629 \u0635\u0648\u0631\u0629 \u0634\u0645\u0633\u064a\u0629 <span class=\"wpforms-required-label\" aria-hidden=\"true\">*<\/span><\/label><div\n\t\tclass=\"wpforms-uploader\"\n\t\tdata-field-id=\"18\"\n\t\tdata-form-id=\"3126\"\n\t\tdata-input-name=\"wpforms_3126_18\"\n\t\tdata-extensions=\"png,gif,jpg\"\n\t\tdata-max-size=\"134217728\"\n\t\tdata-max-file-number=\"1\"\n\t\tdata-post-max-size=\"134217728\"\n\t\tdata-max-parallel-uploads=\"4\"\n\t\tdata-parallel-uploads=\"true\"\n\t\tdata-file-chunk-size=\"2097152\">\n\t<div class=\"dz-message\">\n\t\t<svg viewBox=\"0 0 1024 1024\" focusable=\"false\" data-icon=\"inbox\" width=\"50px\" height=\"50px\" fill=\"currentColor\" aria-hidden=\"true\">\n\t\t\t<path d=\"M885.2 446.3l-.2-.8-112.2-285.1c-5-16.1-19.9-27.2-36.8-27.2H281.2c-17 0-32.1 11.3-36.9 27.6L139.4 443l-.3.7-.2.8c-1.3 4.9-1.7 9.9-1 14.8-.1 1.6-.2 3.2-.2 4.8V830a60.9 60.9 0 0 0 60.8 60.8h627.2c33.5 0 60.8-27.3 60.9-60.8V464.1c0-1.3 0-2.6-.1-3.7.4-4.9 0-9.6-1.3-14.1zm-295.8-43l-.3 15.7c-.8 44.9-31.8 75.1-77.1 75.1-22.1 0-41.1-7.1-54.8-20.6S436 441.2 435.6 419l-.3-15.7H229.5L309 210h399.2l81.7 193.3H589.4zm-375 76.8h157.3c24.3 57.1 76 90.8 140.4 90.8 33.7 0 65-9.4 90.3-27.2 22.2-15.6 39.5-37.4 50.7-63.6h156.5V814H214.4V480.1z\"><\/path>\n\t\t<\/svg>\n\t\t<span class=\"modern-title\">Cliquez ou d\u00e9placez un fichier dans cette zone pour le t\u00e9l\u00e9verser.<\/span>\n\n\t\t\t<\/div>\n<\/div>\n<input\n\t\ttype=\"text\"\n\t\tautocomplete=\"off\"\n\t\tclass=\"dropzone-input\"\n\t\tstyle=\"position:absolute!important;clip:rect(0,0,0,0)!important;height:1px!important;width:1px!important;border:0!important;overflow:hidden!important;padding:0!important;margin:0!important;\"\n\t\tid=\"wpforms-3126-field_18\"\n\t\tname=\"wpforms_3126_18\" required\t\tvalue=\"\">\n<\/div><\/div><!-- .wpforms-field-container --><div class=\"wpforms-field wpforms-field-hp\"><label for=\"wpforms-3126-field-hp\" class=\"wpforms-field-label\">Message<\/label><input type=\"text\" name=\"wpforms[hp]\" id=\"wpforms-3126-field-hp\" class=\"wpforms-field-medium\"><\/div><div class=\"wpforms-submit-container\" ><input type=\"hidden\" name=\"wpforms[id]\" value=\"3126\"><input type=\"hidden\" name=\"wpforms[author]\" value=\"1\"><button type=\"submit\" name=\"wpforms[submit]\" id=\"wpforms-submit-3126\" class=\"wpforms-submit\" data-alt-text=\"Sending \u062c\u0627\u0631\u064d \u0627\u0644\u0625\u0631\u0633\u0627\u0644...\" data-submit-text=\"Register \u062a\u0633\u062c\u064a\u0644\" aria-live=\"assertive\" value=\"wpforms-submit\">Register \u062a\u0633\u062c\u064a\u0644<\/button><\/div><\/form><\/div>  <!-- .wpforms-container -->[\/vc_column][\/vc_row]<\/p>\n<\/div>","protected":false},"excerpt":{"rendered":"<p>[vc_row][vc_column][vc_single_image image=\u00a0\u00bb3138&Prime; alignment=\u00a0\u00bbcenter\u00a0\u00bb][\/vc_column][\/vc_row][vc_row][vc_column][\/vc_column][\/vc_row]<\/p>\n","protected":false},"author":1,"featured_media":0,"parent":0,"menu_order":0,"comment_status":"closed","ping_status":"closed","template":"","meta":{"footnotes":""},"class_list":["post-3140","page","type-page","status-publish","hentry"],"lang":"ar","translations":{"ar":3140,"fr":3113,"en":3142},"pll_sync_post":[],"_links":{"self":[{"href":"https:\/\/associationtitrit.com\/index.php?rest_route=\/wp\/v2\/pages\/3140","targetHints":{"allow":["GET"]}}],"collection":[{"href":"https:\/\/associationtitrit.com\/index.php?rest_route=\/wp\/v2\/pages"}],"about":[{"href":"https:\/\/associationtitrit.com\/index.php?rest_route=\/wp\/v2\/types\/page"}],"author":[{"embeddable":true,"href":"https:\/\/associationtitrit.com\/index.php?rest_route=\/wp\/v2\/users\/1"}],"replies":[{"embeddable":true,"href":"https:\/\/associationtitrit.com\/index.php?rest_route=%2Fwp%2Fv2%2Fcomments&post=3140"}],"version-history":[{"count":2,"href":"https:\/\/associationtitrit.com\/index.php?rest_route=\/wp\/v2\/pages\/3140\/revisions"}],"predecessor-version":[{"id":3146,"href":"https:\/\/associationtitrit.com\/index.php?rest_route=\/wp\/v2\/pages\/3140\/revisions\/3146"}],"wp:attachment":[{"href":"https:\/\/associationtitrit.com\/index.php?rest_route=%2Fwp%2Fv2%2Fmedia&parent=3140"}],"curies":[{"name":"wp","href":"https:\/\/api.w.org\/{rel}","templated":true}]}}